{"id":54,"date":"2019-07-30T10:48:47","date_gmt":"2019-07-30T08:48:47","guid":{"rendered":"http:\/\/blanchisserie-lorraine-nord.fr\/?page_id=54"},"modified":"2019-07-30T10:55:54","modified_gmt":"2019-07-30T08:55:54","slug":"54-2","status":"publish","type":"page","link":"https:\/\/blanchisserie-lorraine-nord.fr\/index.php\/54-2\/","title":{"rendered":"Un peu d&rsquo;histoire"},"content":{"rendered":"\n<p class=\"has-background has-vivid-cyan-blue-background-color\"><strong>1966\n:<\/strong>\nD\u00e9cision des autorit\u00e9s d\u00e9partementales de cr\u00e9er et g\u00e9rer une blanchisserie\ncommune.<\/p>\n\n\n\n<p class=\"has-background has-very-light-gray-background-color\"><strong>29\nmars 1967&nbsp;:<\/strong>\nAutorisation\nde cr\u00e9ation par arr\u00eat\u00e9 minist\u00e9riel. R\u00e9daction des statuts, constitution du\nConseil d\u2019Administration, acquisition d\u2019un terrain et lancement du programme de\nconstruction.<\/p>\n\n\n\n<p class=\"has-background has-vivid-cyan-blue-background-color\"><strong>20\nmai 1968&nbsp;:<\/strong> Approbation\nminist\u00e9rielle de l\u2019avant-projet.<\/p>\n\n\n\n<p>Co\u00fbt\nestim\u00e9&nbsp;: 2.312.956,40 \u20ac (soit 15.172.000 Francs).<\/p>\n\n\n\n<p><strong>21\njuillet 1971&nbsp;:<\/strong> Ouverture de la Blanchisserie\nCentrale Hospitali\u00e8re (B.C.H.).<\/p>\n\n\n\n<p class=\"has-background has-vivid-cyan-blue-background-color\"><strong>1<\/strong><strong><sup>er<\/sup><\/strong><strong> octobre 2001: <\/strong>Modification\ndes statuts, naissance du Syndicat Interhospitalier de Blanchisserie de Metz\n(S.I.B.M.).<\/p>\n\n\n\n<p class=\"has-background has-pale-cyan-blue-background-color\">Un\nbudget annuel de pr\u00e8s de <strong>7 Millions\nd\u2019euros<\/strong>.<\/p>\n\n\n\n<figure class=\"wp-block-image\"><img loading=\"lazy\" width=\"1024\" height=\"379\" src=\"http:\/\/blanchisserie-lorraine-nord.fr\/wp-content\/uploads\/2019\/07\/aerienne-1024x379.png\" alt=\"\" class=\"wp-image-55\" srcset=\"https:\/\/blanchisserie-lorraine-nord.fr\/wp-content\/uploads\/2019\/07\/aerienne-1024x379.png 1024w, https:\/\/blanchisserie-lorraine-nord.fr\/wp-content\/uploads\/2019\/07\/aerienne-300x111.png 300w, https:\/\/blanchisserie-lorraine-nord.fr\/wp-content\/uploads\/2019\/07\/aerienne-768x284.png 768w, https:\/\/blanchisserie-lorraine-nord.fr\/wp-content\/uploads\/2019\/07\/aerienne.png 1429w\" sizes=\"(max-width: 1024px) 100vw, 1024px\" \/><\/figure>\n\n\n\n<p><strong>1<\/strong><strong><sup>er<\/sup><\/strong><strong> janvier 2016: <\/strong>Modification\ndes statuts, naissance du G.C.S. de Blanchisserie Lorraine Nord.<\/p>\n\n\n\n<p class=\"has-background has-pale-cyan-blue-background-color\"><strong>18 <\/strong><strong>membres&nbsp; <\/strong>pour\nun total de<strong> <\/strong><strong>26 <\/strong><strong>\u00e9tablissements <\/strong>.<\/p>\n\n\n\n<p class=\"has-background has-pale-cyan-blue-background-color\"><strong>18 Tonnes <\/strong>de linge trait\u00e9es quotidiennement<strong>.<\/strong><\/p>\n\n\n\n<p class=\"has-background has-pale-cyan-blue-background-color\">Une\ncapacit\u00e9 de production de<strong> <\/strong><strong>30 Tonnes\/jour<\/strong>.<\/p>\n\n\n\n<p class=\"has-background has-pale-cyan-blue-background-color\"><strong>115<\/strong><strong> <\/strong>agents.<\/p>\n\n\n\n<p class=\"has-background has-pale-cyan-blue-background-color\">Un\nb\u00e2timent d\u2019une superficie de <strong>6 100 m<\/strong><strong><sup>2 <\/sup><\/strong>construit sur un terrain de <strong>2,5 hectares <\/strong>implant\u00e9 au c\u0153ur de la zone\nindustrielle de Metz Borny.<\/p>\n","protected":false},"excerpt":{"rendered":"<p>1966 : D\u00e9cision des autorit\u00e9s d\u00e9partementales de cr\u00e9er et g\u00e9rer une blanchisserie commune. 29 mars 1967&nbsp;: Autorisation de cr\u00e9ation par arr\u00eat\u00e9 minist\u00e9riel. R\u00e9daction des statuts, constitution du Conseil d\u2019Administration, acquisition d\u2019un terrain et lancement du programme de construction. 20 mai&#8230;<\/p>\n","protected":false},"author":1,"featured_media":55,"parent":0,"menu_order":0,"comment_status":"closed","ping_status":"closed","template":"","meta":{"ngg_post_thumbnail":0},"_links":{"self":[{"href":"https:\/\/blanchisserie-lorraine-nord.fr\/index.php\/wp-json\/wp\/v2\/pages\/54"}],"collection":[{"href":"https:\/\/blanchisserie-lorraine-nord.fr\/index.php\/wp-json\/wp\/v2\/pages"}],"about":[{"href":"https:\/\/blanchisserie-lorraine-nord.fr\/index.php\/wp-json\/wp\/v2\/types\/page"}],"author":[{"embeddable":true,"href":"https:\/\/blanchisserie-lorraine-nord.fr\/index.php\/wp-json\/wp\/v2\/users\/1"}],"replies":[{"embeddable":true,"href":"https:\/\/blanchisserie-lorraine-nord.fr\/index.php\/wp-json\/wp\/v2\/comments?post=54"}],"version-history":[{"count":5,"href":"https:\/\/blanchisserie-lorraine-nord.fr\/index.php\/wp-json\/wp\/v2\/pages\/54\/revisions"}],"predecessor-version":[{"id":62,"href":"https:\/\/blanchisserie-lorraine-nord.fr\/index.php\/wp-json\/wp\/v2\/pages\/54\/revisions\/62"}],"wp:featuredmedia":[{"embeddable":true,"href":"https:\/\/blanchisserie-lorraine-nord.fr\/index.php\/wp-json\/wp\/v2\/media\/55"}],"wp:attachment":[{"href":"https:\/\/blanchisserie-lorraine-nord.fr\/index.php\/wp-json\/wp\/v2\/media?parent=54"}],"curies":[{"name":"wp","href":"https:\/\/api.w.org\/{rel}","templated":true}]}}